{"id":555,"date":"2014-10-29T21:09:57","date_gmt":"2014-10-29T20:09:57","guid":{"rendered":"http:\/\/brassband-npdc.fr\/?post_type=product&#038;p=555"},"modified":"2026-03-01T03:37:50","modified_gmt":"2026-03-01T02:37:50","slug":"legende-celtique","status":"publish","type":"product","link":"https:\/\/hautsdefrance-brassband.fr\/?product=legende-celtique","title":{"rendered":"DVD \u00ab\u00a0L\u00e9gende Celtique\u00a0\u00bb"},"content":{"rendered":"<p>Histoire captivante, port\u00e9e par la musique, o\u00f9 l\u2019on retrouve des succ\u00e8s majeurs de musique celtique et des compositions originales, agenc\u00e9s pour illustrer un conte retra\u00e7ant les aventures d\u2019un jeune paysan qui, aid\u00e9 d\u2019un druide, accomplit son destin en brisant les forces mal\u00e9fiques d\u2019une sorci\u00e8re et en d\u00e9livrant une jeune et belle princesse.<\/p>\n<p>Tous les ingr\u00e9dients sont ainsi r\u00e9unis pour faire de ce spectacle un grand moment d\u2019\u00e9motion.<\/p>\n","protected":false},"excerpt":{"rendered":"<p>Histoire captivante, port\u00e9e par la musique, o\u00f9 l\u2019on retrouve des succ\u00e8s majeurs de musique celtique et des compositions originales, agenc\u00e9s pour illustrer un conte retra\u00e7ant les aventures d\u2019un jeune paysan [&hellip;]<\/p>\n","protected":false},"featured_media":2889,"comment_status":"open","ping_status":"closed","template":"","meta":[],"product_brand":[],"product_cat":[30],"product_tag":[],"class_list":{"0":"post-555","1":"product","2":"type-product","3":"status-publish","4":"has-post-thumbnail","6":"product_cat-dvd","7":"product_shipping_class-cd-dvd","8":"entry","10":"first","11":"instock","12":"sale","13":"featured","14":"shipping-taxable","15":"purchasable","16":"product-type-simple"},"jetpack_sharing_enabled":true,"_links":{"self":[{"href":"https:\/\/hautsdefrance-brassband.fr\/index.php?rest_route=\/wp\/v2\/product\/555"}],"collection":[{"href":"https:\/\/hautsdefrance-brassband.fr\/index.php?rest_route=\/wp\/v2\/product"}],"about":[{"href":"https:\/\/hautsdefrance-brassband.fr\/index.php?rest_route=\/wp\/v2\/types\/product"}],"replies":[{"embeddable":true,"href":"https:\/\/hautsdefrance-brassband.fr\/index.php?rest_route=%2Fwp%2Fv2%2Fcomments&post=555"}],"wp:featuredmedia":[{"embeddable":true,"href":"https:\/\/hautsdefrance-brassband.fr\/index.php?rest_route=\/wp\/v2\/media\/2889"}],"wp:attachment":[{"href":"https:\/\/hautsdefrance-brassband.fr\/index.php?rest_route=%2Fwp%2Fv2%2Fmedia&parent=555"}],"wp:term":[{"taxonomy":"product_brand","embeddable":true,"href":"https:\/\/hautsdefrance-brassband.fr\/index.php?rest_route=%2Fwp%2Fv2%2Fproduct_brand&post=555"},{"taxonomy":"product_cat","embeddable":true,"href":"https:\/\/hautsdefrance-brassband.fr\/index.php?rest_route=%2Fwp%2Fv2%2Fproduct_cat&post=555"},{"taxonomy":"product_tag","embeddable":true,"href":"https:\/\/hautsdefrance-brassband.fr\/index.php?rest_route=%2Fwp%2Fv2%2Fproduct_tag&post=555"}],"curies":[{"name":"wp","href":"https:\/\/api.w.org\/{rel}","templated":true}]}}