{"id":2872,"date":"2019-10-17T00:42:18","date_gmt":"2019-10-16T23:42:18","guid":{"rendered":"https:\/\/hautsdefrance-brassband.fr\/?post_type=product&#038;p=2872"},"modified":"2025-02-01T23:43:32","modified_gmt":"2025-02-01T22:43:32","slug":"t-shirt-hfbb-coupe-femme","status":"publish","type":"product","link":"https:\/\/hautsdefrance-brassband.fr\/?product=t-shirt-hfbb-coupe-femme","title":{"rendered":"T-Shirt HFBB Coupe Femme"},"content":{"rendered":"","protected":false},"excerpt":{"rendered":"<p>Soutenez le <strong>Hauts-de-France Brass Band<\/strong> en portant cet \u00e9l\u00e9gant T-Shirt qui porte notre logo sur le c\u0153ur et le design <em>Passion for Excellence<\/em> dans le dos.<\/p>\n","protected":false},"featured_media":2871,"comment_status":"open","ping_status":"closed","template":"","meta":[],"product_brand":[],"product_cat":[54],"product_tag":[],"class_list":{"0":"post-2872","1":"product","2":"type-product","3":"status-publish","4":"has-post-thumbnail","6":"product_cat-t-shirt","7":"entry","9":"first","10":"outofstock","11":"sale","12":"shipping-taxable","13":"purchasable","14":"product-type-variable"},"jetpack_sharing_enabled":true,"_links":{"self":[{"href":"https:\/\/hautsdefrance-brassband.fr\/index.php?rest_route=\/wp\/v2\/product\/2872"}],"collection":[{"href":"https:\/\/hautsdefrance-brassband.fr\/index.php?rest_route=\/wp\/v2\/product"}],"about":[{"href":"https:\/\/hautsdefrance-brassband.fr\/index.php?rest_route=\/wp\/v2\/types\/product"}],"replies":[{"embeddable":true,"href":"https:\/\/hautsdefrance-brassband.fr\/index.php?rest_route=%2Fwp%2Fv2%2Fcomments&post=2872"}],"wp:featuredmedia":[{"embeddable":true,"href":"https:\/\/hautsdefrance-brassband.fr\/index.php?rest_route=\/wp\/v2\/media\/2871"}],"wp:attachment":[{"href":"https:\/\/hautsdefrance-brassband.fr\/index.php?rest_route=%2Fwp%2Fv2%2Fmedia&parent=2872"}],"wp:term":[{"taxonomy":"product_brand","embeddable":true,"href":"https:\/\/hautsdefrance-brassband.fr\/index.php?rest_route=%2Fwp%2Fv2%2Fproduct_brand&post=2872"},{"taxonomy":"product_cat","embeddable":true,"href":"https:\/\/hautsdefrance-brassband.fr\/index.php?rest_route=%2Fwp%2Fv2%2Fproduct_cat&post=2872"},{"taxonomy":"product_tag","embeddable":true,"href":"https:\/\/hautsdefrance-brassband.fr\/index.php?rest_route=%2Fwp%2Fv2%2Fproduct_tag&post=2872"}],"curies":[{"name":"wp","href":"https:\/\/api.w.org\/{rel}","templated":true}]}}