{"id":18468,"date":"2025-02-01T23:45:47","date_gmt":"2025-02-01T22:45:47","guid":{"rendered":"https:\/\/hautsdefrance-brassband.fr\/?post_type=product&#038;p=18468"},"modified":"2026-04-13T19:40:31","modified_gmt":"2026-04-13T18:40:31","slug":"cd-storm","status":"publish","type":"product","link":"https:\/\/hautsdefrance-brassband.fr\/?product=cd-storm","title":{"rendered":"CD \u00ab\u00a0Storm\u00a0\u00bb"},"content":{"rendered":"<ol>\n<li><strong>Valaisia Variants<\/strong>, Tom Davoren.<\/li>\n<li><strong>Suite from Mass<\/strong>, L\u00e9onard Bernstein arr. Luc Vertommen.<\/li>\n<li><strong>Caprice for Cornet<\/strong>, William Himes. Cornet : C\u00e9dric Gesqui\u00e8re<\/li>\n<li><strong>Storm!<\/strong> Thibaut Bruniaux<\/li>\n<li><strong>Guadalquivir (Rhapsody for Euphonium)<\/strong>, Hans Loirs. Euphonium : Lilian Meurin.<\/li>\n<li><strong>Caledonia<\/strong>, Dougie MacLean arr. Luc vertommen.<\/li>\n<li><strong>Ave Maria<\/strong>, Astor Piazzolla arr. Luc Vertommen. Bugle : Arnaud Peru.<\/li>\n<\/ol>\n<ul style=\"list-style-type: none;\">\n<li><strong>Suite from Maria de Buenos Aires<\/strong>, Astor Piazzolla arr. Luc Vertommen<\/li>\n<\/ul>\n<ol start=\"8\">\n<li><strong>Alvelare<\/strong><\/li>\n<li><strong>Yo so Maria<\/strong><\/li>\n<li><strong>Balada Renga Para un Organito loco<\/strong><\/li>\n<li><strong>Fuga Y Misterio<\/strong><\/li>\n<\/ol>\n","protected":false},"excerpt":{"rendered":"<p><b>\u00ab\u00a0STORM\u00a0\u00bb<\/b>, le nouvel album du Hauts-de-France Brass Band.<\/p>\n<p>Enregistr\u00e9 \u00e0 Haubourdin en novembre 2024 avec l&rsquo;\u00e9quipe de World of Brass, cet album met en avant la virtuosit\u00e9 de notre ensemble et de ses solistes \u00e0 travers des pi\u00e8ces de concerts vari\u00e9es. Vous pouvez ainsi d\u00e9couvrir des \u0153uvres de Tom Davoren, Thibaut Bruniaux, Hans Loirs ainsi que des arrangements in\u00e9dits d&rsquo;\u0153uvres de L\u00e9onard Bernstein ou Asor Piazzolla orchestr\u00e9es par notre chef Luc Vertommen.<\/p>\n","protected":false},"featured_media":18750,"comment_status":"open","ping_status":"closed","template":"","meta":[],"product_brand":[],"product_cat":[20],"product_tag":[],"class_list":{"0":"post-18468","1":"product","2":"type-product","3":"status-publish","4":"has-post-thumbnail","6":"product_cat-cd","7":"product_shipping_class-cd-dvd","8":"entry","10":"first","11":"instock","12":"featured","13":"shipping-taxable","14":"purchasable","15":"product-type-simple"},"jetpack_sharing_enabled":true,"_links":{"self":[{"href":"https:\/\/hautsdefrance-brassband.fr\/index.php?rest_route=\/wp\/v2\/product\/18468"}],"collection":[{"href":"https:\/\/hautsdefrance-brassband.fr\/index.php?rest_route=\/wp\/v2\/product"}],"about":[{"href":"https:\/\/hautsdefrance-brassband.fr\/index.php?rest_route=\/wp\/v2\/types\/product"}],"replies":[{"embeddable":true,"href":"https:\/\/hautsdefrance-brassband.fr\/index.php?rest_route=%2Fwp%2Fv2%2Fcomments&post=18468"}],"wp:featuredmedia":[{"embeddable":true,"href":"https:\/\/hautsdefrance-brassband.fr\/index.php?rest_route=\/wp\/v2\/media\/18750"}],"wp:attachment":[{"href":"https:\/\/hautsdefrance-brassband.fr\/index.php?rest_route=%2Fwp%2Fv2%2Fmedia&parent=18468"}],"wp:term":[{"taxonomy":"product_brand","embeddable":true,"href":"https:\/\/hautsdefrance-brassband.fr\/index.php?rest_route=%2Fwp%2Fv2%2Fproduct_brand&post=18468"},{"taxonomy":"product_cat","embeddable":true,"href":"https:\/\/hautsdefrance-brassband.fr\/index.php?rest_route=%2Fwp%2Fv2%2Fproduct_cat&post=18468"},{"taxonomy":"product_tag","embeddable":true,"href":"https:\/\/hautsdefrance-brassband.fr\/index.php?rest_route=%2Fwp%2Fv2%2Fproduct_tag&post=18468"}],"curies":[{"name":"wp","href":"https:\/\/api.w.org\/{rel}","templated":true}]}}