{"id":1511,"date":"2018-03-11T00:08:00","date_gmt":"2018-03-10T23:08:00","guid":{"rendered":"http:\/\/hautsdefrance-brassband.fr\/?post_type=product&#038;p=1511"},"modified":"2022-03-04T19:28:21","modified_gmt":"2022-03-04T18:28:21","slug":"adventure-sophie-binet-budelot-2-stickers-hfbb-offerts","status":"publish","type":"product","link":"https:\/\/hautsdefrance-brassband.fr\/?product=adventure-sophie-binet-budelot-2-stickers-hfbb-offerts","title":{"rendered":"CD \u00ab\u00a0Adventure\u00a0\u00bb"},"content":{"rendered":"<p><strong>Adventure<\/strong>\u00a0est un disque ax\u00e9 autour du saxhorn alto, pens\u00e9 et interpr\u00e9t\u00e9 par\u00a0<strong>Sophie Binet-Budelot<\/strong>, entour\u00e9 de couleurs et timbres diff\u00e9rents, entre le piano, le vibraphone et la richesse incomparable du brass band.<\/p>\n<div id='gallery-1' class='gallery galleryid-1511 gallery-columns-4 gallery-size-thumbnail'><figure class='gallery-item'>\n\t\t\t<div class='gallery-icon landscape'>\n\t\t\t\t<a href='https:\/\/hautsdefrance-brassband.fr\/wp-content\/uploads\/2019\/02\/SBB-e1549375328950.jpg'><img decoding=\"async\" width=\"150\" height=\"150\" src=\"https:\/\/hautsdefrance-brassband.fr\/wp-content\/uploads\/2019\/02\/SBB-e1549375328950-150x150.jpg\" class=\"attachment-thumbnail size-thumbnail\" alt=\"\" srcset=\"https:\/\/hautsdefrance-brassband.fr\/wp-content\/uploads\/2019\/02\/SBB-e1549375328950-150x150.jpg 150w, https:\/\/hautsdefrance-brassband.fr\/wp-content\/uploads\/2019\/02\/SBB-e1549375328950-300x300.jpg 300w, https:\/\/hautsdefrance-brassband.fr\/wp-content\/uploads\/2019\/02\/SBB-e1549375328950-100x100.jpg 100w\" sizes=\"(max-width: 34.9rem) calc(100vw - 2rem), (max-width: 53rem) calc(8 * (100vw \/ 12)), (min-width: 53rem) calc(6 * (100vw \/ 12)), 100vw\" \/><\/a>\n\t\t\t<\/div><\/figure><figure class='gallery-item'>\n\t\t\t<div class='gallery-icon landscape'>\n\t\t\t\t<a href='https:\/\/hautsdefrance-brassband.fr\/wp-content\/uploads\/2018\/03\/Article-Ouverture-768x347.jpeg'><img decoding=\"async\" width=\"150\" height=\"150\" src=\"https:\/\/hautsdefrance-brassband.fr\/wp-content\/uploads\/2018\/03\/Article-Ouverture-768x347-150x150.jpeg\" class=\"attachment-thumbnail size-thumbnail\" alt=\"\" srcset=\"https:\/\/hautsdefrance-brassband.fr\/wp-content\/uploads\/2018\/03\/Article-Ouverture-768x347-150x150.jpeg 150w, https:\/\/hautsdefrance-brassband.fr\/wp-content\/uploads\/2018\/03\/Article-Ouverture-768x347-300x300.jpeg 300w, https:\/\/hautsdefrance-brassband.fr\/wp-content\/uploads\/2018\/03\/Article-Ouverture-768x347-100x100.jpeg 100w\" sizes=\"(max-width: 34.9rem) calc(100vw - 2rem), (max-width: 53rem) calc(8 * (100vw \/ 12)), (min-width: 53rem) calc(6 * (100vw \/ 12)), 100vw\" \/><\/a>\n\t\t\t<\/div><\/figure><figure class='gallery-item'>\n\t\t\t<div class='gallery-icon landscape'>\n\t\t\t\t<a href='https:\/\/hautsdefrance-brassband.fr\/wp-content\/uploads\/2018\/03\/cropped-Background-Home-BW-1.jpg'><img decoding=\"async\" width=\"150\" height=\"150\" src=\"https:\/\/hautsdefrance-brassband.fr\/wp-content\/uploads\/2018\/03\/cropped-Background-Home-BW-1-150x150.jpg\" class=\"attachment-thumbnail size-thumbnail\" alt=\"\" srcset=\"https:\/\/hautsdefrance-brassband.fr\/wp-content\/uploads\/2018\/03\/cropped-Background-Home-BW-1-150x150.jpg 150w, https:\/\/hautsdefrance-brassband.fr\/wp-content\/uploads\/2018\/03\/cropped-Background-Home-BW-1-300x300.jpg 300w, https:\/\/hautsdefrance-brassband.fr\/wp-content\/uploads\/2018\/03\/cropped-Background-Home-BW-1-100x100.jpg 100w\" sizes=\"(max-width: 34.9rem) calc(100vw - 2rem), (max-width: 53rem) calc(8 * (100vw \/ 12)), (min-width: 53rem) calc(6 * (100vw \/ 12)), 100vw\" \/><\/a>\n\t\t\t<\/div><\/figure><figure class='gallery-item'>\n\t\t\t<div class='gallery-icon landscape'>\n\t\t\t\t<a href='https:\/\/hautsdefrance-brassband.fr\/wp-content\/uploads\/2018\/03\/cropped-Background-Agenda.jpg'><img loading=\"lazy\" decoding=\"async\" width=\"150\" height=\"150\" src=\"https:\/\/hautsdefrance-brassband.fr\/wp-content\/uploads\/2018\/03\/cropped-Background-Agenda-150x150.jpg\" class=\"attachment-thumbnail size-thumbnail\" alt=\"\" srcset=\"https:\/\/hautsdefrance-brassband.fr\/wp-content\/uploads\/2018\/03\/cropped-Background-Agenda-150x150.jpg 150w, https:\/\/hautsdefrance-brassband.fr\/wp-content\/uploads\/2018\/03\/cropped-Background-Agenda-300x300.jpg 300w, https:\/\/hautsdefrance-brassband.fr\/wp-content\/uploads\/2018\/03\/cropped-Background-Agenda-100x100.jpg 100w\" sizes=\"(max-width: 34.9rem) calc(100vw - 2rem), (max-width: 53rem) calc(8 * (100vw \/ 12)), (min-width: 53rem) calc(6 * (100vw \/ 12)), 100vw\" \/><\/a>\n\t\t\t<\/div><\/figure>\n\t\t<\/div>\n\n<p>Mettant en avant plusieurs grands classiques du r\u00e9pertoire du saxhorn alto, Adventure est \u00e9galement un projet rempli de riches partenariats avec des compositeurs moins connus mais non moins talentueux, ainsi qu\u2019avec de nombreux interpr\u00e8tes.<\/p>\n<p>C\u2019est ainsi que des interpr\u00e8tes comme\u00a0<strong>Junko Fukuda-Gros<\/strong>,\u00a0<strong>Sophie Th\u00e9venard<\/strong>\u00a0et tous les musiciens du tr\u00e8s talentueux\u00a0<strong>Hauts-de-France Brass Band<\/strong>\u00a0ont aid\u00e9 ce projet \u00e0 na\u00eetre, \u00e0 travers des cr\u00e9ations sign\u00e9es par\u00a0<strong>Pierre-Antoine Savoyat<\/strong>\u00a0et\u00a0<strong>J\u00e9r\u00e9my Chmielarz<\/strong>, mais aussi par de c\u00e9l\u00e8bres compositeurs tels\u00a0<strong>John Golland<\/strong>\u00a0ou\u00a0<strong>Peter Graham<\/strong>.<\/p>\n<p>&nbsp;<\/p>\n","protected":false},"excerpt":{"rendered":"<ul>\n<li><strong>Sophie Binet-Budelot<\/strong>, saxhorn alto \/ tenor horn<\/li>\n<li><strong>Brass Band Nord Pas-de-Calais<\/strong>, direction Luc Vertommen<\/li>\n<li><strong>Junko Fukudo<\/strong>, piano<\/li>\n<li><strong>Sophie Th\u00e9venard<\/strong>, Vibraphone<\/li>\n<\/ul>\n<p>&nbsp;<\/p>\n","protected":false},"featured_media":2864,"comment_status":"open","ping_status":"closed","template":"","meta":[],"product_brand":[],"product_cat":[20],"product_tag":[],"class_list":{"0":"post-1511","1":"product","2":"type-product","3":"status-publish","4":"has-post-thumbnail","6":"product_cat-cd","7":"product_shipping_class-cd-dvd","8":"entry","10":"first","11":"instock","12":"sale","13":"shipping-taxable","14":"purchasable","15":"product-type-simple"},"jetpack_sharing_enabled":true,"_links":{"self":[{"href":"https:\/\/hautsdefrance-brassband.fr\/index.php?rest_route=\/wp\/v2\/product\/1511"}],"collection":[{"href":"https:\/\/hautsdefrance-brassband.fr\/index.php?rest_route=\/wp\/v2\/product"}],"about":[{"href":"https:\/\/hautsdefrance-brassband.fr\/index.php?rest_route=\/wp\/v2\/types\/product"}],"replies":[{"embeddable":true,"href":"https:\/\/hautsdefrance-brassband.fr\/index.php?rest_route=%2Fwp%2Fv2%2Fcomments&post=1511"}],"wp:featuredmedia":[{"embeddable":true,"href":"https:\/\/hautsdefrance-brassband.fr\/index.php?rest_route=\/wp\/v2\/media\/2864"}],"wp:attachment":[{"href":"https:\/\/hautsdefrance-brassband.fr\/index.php?rest_route=%2Fwp%2Fv2%2Fmedia&parent=1511"}],"wp:term":[{"taxonomy":"product_brand","embeddable":true,"href":"https:\/\/hautsdefrance-brassband.fr\/index.php?rest_route=%2Fwp%2Fv2%2Fproduct_brand&post=1511"},{"taxonomy":"product_cat","embeddable":true,"href":"https:\/\/hautsdefrance-brassband.fr\/index.php?rest_route=%2Fwp%2Fv2%2Fproduct_cat&post=1511"},{"taxonomy":"product_tag","embeddable":true,"href":"https:\/\/hautsdefrance-brassband.fr\/index.php?rest_route=%2Fwp%2Fv2%2Fproduct_tag&post=1511"}],"curies":[{"name":"wp","href":"https:\/\/api.w.org\/{rel}","templated":true}]}}