{"id":38,"date":"2013-04-24T16:52:26","date_gmt":"2013-04-24T15:52:26","guid":{"rendered":"http:\/\/brassband-npdc.fr\/?page_id=38"},"modified":"2025-05-11T15:39:24","modified_gmt":"2025-05-11T14:39:24","slug":"le-brass-band","status":"publish","type":"page","link":"https:\/\/hautsdefrance-brassband.fr\/?page_id=38","title":{"rendered":"Le Brass Band"},"content":{"rendered":"\t\t<div data-elementor-type=\"wp-page\" data-elementor-id=\"38\" class=\"elementor elementor-38\" data-elementor-post-type=\"page\">\n\t\t\t\t\t\t<section class=\"elementor-section elementor-top-section elementor-element elementor-element-26b2c20 elementor-section-boxed elementor-section-height-default elementor-section-height-default\" data-id=\"26b2c20\" data-element_type=\"section\">\n\t\t\t\t\t\t<div class=\"elementor-container elementor-column-gap-default\">\n\t\t\t\t\t<div class=\"elementor-column elementor-col-100 elementor-top-column elementor-element elementor-element-32483db1\" data-id=\"32483db1\" data-element_type=\"column\">\n\t\t\t<div class=\"elementor-widget-wrap elementor-element-populated\">\n\t\t\t\t\t\t<section class=\"elementor-section elementor-inner-section elementor-element elementor-element-c5b1804 elementor-section-boxed elementor-section-height-default elementor-section-height-default\" data-id=\"c5b1804\" data-element_type=\"section\">\n\t\t\t\t\t\t<div class=\"elementor-container elementor-column-gap-default\">\n\t\t\t\t\t<div class=\"elementor-column elementor-col-66 elementor-inner-column elementor-element elementor-element-f8daa44\" data-id=\"f8daa44\" data-element_type=\"column\">\n\t\t\t<div class=\"elementor-widget-wrap elementor-element-populated\">\n\t\t\t\t\t\t<div class=\"elementor-element elementor-element-985d9c6 elementor-widget elementor-widget-text-editor\" data-id=\"985d9c6\" data-element_type=\"widget\" data-widget_type=\"text-editor.default\">\n\t\t\t\t<div class=\"elementor-widget-container\">\n\t\t\t\t\t\t\tCr\u00e9\u00e9 en 1992 sous l\u2019impulsion de Philippe Lorthios, le Hauts-de France Brass Band est une association loi 1901 qui r\u00e9unit 35 musiciens Fran\u00e7ais et Belges :\n<ul>\n \t<li>de la Garde R\u00e9publicaine,<\/li>\n \t<li>de la Musique de l\u2019Air et de l\u2019Espace,<\/li>\n \t<li>de la Musique de l\u2019Infanterie,<\/li>\n \t<li>de professeurs de conservatoires r\u00e9gionaux et municipaux<\/li>\n \t<li>d&rsquo;\u00e9l\u00e8ves de P\u00f4les sup\u00e9rieurs de conservatoires,<\/li>\n \t<li>des CNSMD de Paris et de Lyon,<\/li>\n \t<li>des laur\u00e9ats de concours internationaux.<\/li>\n<\/ul>\n<strong>Tous les membres<\/strong>\u00a0du Hauts-de-France Brass Band se r\u00e9unissent\u00a0<strong>b\u00e9n\u00e9volement<\/strong>\u00a0chaque semaine, autour du m\u00eame projet, \u00e9voluer dans un\u00a0<strong>orchestre de tr\u00e8s haut niveau<\/strong>\u00a0et faire\u00a0<strong>rayonner la r\u00e9gion<\/strong>\u00a0en\u00a0<strong>France<\/strong>\u00a0et\u00a0<strong>hors de nos fronti\u00e8res.<\/strong>\n\n&nbsp;\t\t\t\t\t\t<\/div>\n\t\t\t\t<\/div>\n\t\t\t\t\t<\/div>\n\t\t<\/div>\n\t\t\t\t<div class=\"elementor-column elementor-col-33 elementor-inner-column elementor-element elementor-element-8576e5a\" data-id=\"8576e5a\" data-element_type=\"column\">\n\t\t\t<div class=\"elementor-widget-wrap elementor-element-populated\">\n\t\t\t\t\t\t<div class=\"elementor-element elementor-element-483367a elementor-widget elementor-widget-image\" data-id=\"483367a\" data-element_type=\"widget\" data-widget_type=\"image.default\">\n\t\t\t\t<div class=\"elementor-widget-container\">\n\t\t\t\t\t\t\t\t\t\t<figure class=\"wp-caption\">\n\t\t\t\t\t\t\t\t\t\t<img fetchpriority=\"high\" decoding=\"async\" width=\"640\" height=\"427\" src=\"https:\/\/hautsdefrance-brassband.fr\/wp-content\/uploads\/2019\/10\/51361C1C-37CE-44EB-B130-A609EC761293.jpeg\" class=\"attachment-large size-large wp-image-3189\" alt=\"\" srcset=\"https:\/\/hautsdefrance-brassband.fr\/wp-content\/uploads\/2019\/10\/51361C1C-37CE-44EB-B130-A609EC761293.jpeg 640w, https:\/\/hautsdefrance-brassband.fr\/wp-content\/uploads\/2019\/10\/51361C1C-37CE-44EB-B130-A609EC761293-300x200.jpeg 300w, https:\/\/hautsdefrance-brassband.fr\/wp-content\/uploads\/2019\/10\/51361C1C-37CE-44EB-B130-A609EC761293-450x300.jpeg 450w\" sizes=\"(max-width: 34.9rem) calc(100vw - 2rem), (max-width: 53rem) calc(8 * (100vw \/ 12)), (min-width: 53rem) calc(6 * (100vw \/ 12)), 100vw\" \/>\t\t\t\t\t\t\t\t\t\t\t<figcaption class=\"widget-image-caption wp-caption-text\">Philippe Lorthios, chef fondateur du brass band<\/figcaption>\n\t\t\t\t\t\t\t\t\t\t<\/figure>\n\t\t\t\t\t\t\t<\/div>\n\t\t\t\t<\/div>\n\t\t\t\t\t<\/div>\n\t\t<\/div>\n\t\t\t\t\t<\/div>\n\t\t<\/section>\n\t\t\t\t<div class=\"elementor-element elementor-element-a1154e9 elementor-widget elementor-widget-text-editor\" data-id=\"a1154e9\" data-element_type=\"widget\" data-widget_type=\"text-editor.default\">\n\t\t\t\t<div class=\"elementor-widget-container\">\n\t\t\t\t\t\t\t<p>Le Brass Band a eu l\u2019honneur, en tant que Champion de France, d\u2019\u00eatre qualifi\u00e9 pour repr\u00e9senter \u00e0 plusieurs reprises notre pays aux championnats d\u2019Europe qui se d\u00e9roulent chaque ann\u00e9e : Linz (Autriche), Utrecht et Rotterdam (Pays-Bas), Birmingham (Angleterre), Malm\u00f6 (Su\u00e8de), Palanga (Lituanie) ou encore Stavanger (Norv\u00e8ge).<\/p><p>L\u2019 orchestre a \u00e9galement eu l\u2019honneur d\u2019\u00eatre invit\u00e9 au championnat du monde en juillet 2022 \u00e0 Kerkrade (Pays-Bas), une premi\u00e8re pour un Brass Band fran\u00e7ais.<\/p><p>Enfin, l\u2019ensemble poursuit son d\u00e9veloppement en travaillant avec des chefs de renomm\u00e9e internationale tels que\u00a0:<\/p><ul><li>Franck Renton (Angleterre)<\/li><li>Russell Gray (Ecosse)<\/li><li>Luc Vertommen (Belgique) directeur musical depuis 2012<\/li><\/ul><p>\u00a0<\/p>\t\t\t\t\t\t<\/div>\n\t\t\t\t<\/div>\n\t\t\t\t\t<\/div>\n\t\t<\/div>\n\t\t\t\t\t<\/div>\n\t\t<\/section>\n\t\t\t\t<section class=\"elementor-section elementor-top-section elementor-element elementor-element-ac49ab0 elementor-section-boxed elementor-section-height-default elementor-section-height-default\" data-id=\"ac49ab0\" data-element_type=\"section\">\n\t\t\t\t\t\t<div class=\"elementor-container elementor-column-gap-default\">\n\t\t\t\t\t<div class=\"elementor-column elementor-col-100 elementor-top-column elementor-element elementor-element-506974b\" data-id=\"506974b\" data-element_type=\"column\">\n\t\t\t<div class=\"elementor-widget-wrap elementor-element-populated\">\n\t\t\t\t\t\t<div class=\"elementor-element elementor-element-fbb9210 elementor-widget elementor-widget-video\" data-id=\"fbb9210\" data-element_type=\"widget\" data-settings=\"{&quot;youtube_url&quot;:&quot;https:\\\/\\\/www.youtube.com\\\/watch?v=0WfF78zrA98&quot;,&quot;video_type&quot;:&quot;youtube&quot;,&quot;controls&quot;:&quot;yes&quot;}\" data-widget_type=\"video.default\">\n\t\t\t\t<div class=\"elementor-widget-container\">\n\t\t\t\t\t<div class=\"elementor-wrapper elementor-open-inline\">\n\t\t\t<div class=\"elementor-video\"><\/div>\t\t<\/div>\n\t\t\t\t<\/div>\n\t\t\t\t<\/div>\n\t\t\t\t\t<\/div>\n\t\t<\/div>\n\t\t\t\t\t<\/div>\n\t\t<\/section>\n\t\t\t\t<\/div>\n\t\t","protected":false},"excerpt":{"rendered":"<p>Cr\u00e9\u00e9 en 1992 sous l\u2019impulsion de Philippe Lorthios, le Hauts-de France Brass Band est une association loi 1901 qui r\u00e9unit 35 musiciens Fran\u00e7ais et Belges : de la Garde R\u00e9publicaine, [&hellip;]<\/p>\n","protected":false},"author":52,"featured_media":0,"parent":1924,"menu_order":0,"comment_status":"open","ping_status":"open","template":"","meta":{"footnotes":""},"class_list":["post-38","page","type-page","status-publish","hentry","entry"],"jetpack_sharing_enabled":true,"_links":{"self":[{"href":"https:\/\/hautsdefrance-brassband.fr\/index.php?rest_route=\/wp\/v2\/pages\/38"}],"collection":[{"href":"https:\/\/hautsdefrance-brassband.fr\/index.php?rest_route=\/wp\/v2\/pages"}],"about":[{"href":"https:\/\/hautsdefrance-brassband.fr\/index.php?rest_route=\/wp\/v2\/types\/page"}],"author":[{"embeddable":true,"href":"https:\/\/hautsdefrance-brassband.fr\/index.php?rest_route=\/wp\/v2\/users\/52"}],"replies":[{"embeddable":true,"href":"https:\/\/hautsdefrance-brassband.fr\/index.php?rest_route=%2Fwp%2Fv2%2Fcomments&post=38"}],"version-history":[{"count":29,"href":"https:\/\/hautsdefrance-brassband.fr\/index.php?rest_route=\/wp\/v2\/pages\/38\/revisions"}],"predecessor-version":[{"id":18822,"href":"https:\/\/hautsdefrance-brassband.fr\/index.php?rest_route=\/wp\/v2\/pages\/38\/revisions\/18822"}],"up":[{"embeddable":true,"href":"https:\/\/hautsdefrance-brassband.fr\/index.php?rest_route=\/wp\/v2\/pages\/1924"}],"wp:attachment":[{"href":"https:\/\/hautsdefrance-brassband.fr\/index.php?rest_route=%2Fwp%2Fv2%2Fmedia&parent=38"}],"curies":[{"name":"wp","href":"https:\/\/api.w.org\/{rel}","templated":true}]}}