{"id":3158,"date":"2019-10-18T15:23:47","date_gmt":"2019-10-18T14:23:47","guid":{"rendered":"https:\/\/hautsdefrance-brassband.fr\/?page_id=3158"},"modified":"2019-10-19T03:43:44","modified_gmt":"2019-10-19T02:43:44","slug":"actualites","status":"publish","type":"page","link":"https:\/\/hautsdefrance-brassband.fr\/?page_id=3158","title":{"rendered":"Actualit\u00e9s"},"content":{"rendered":"\t\t<div data-elementor-type=\"wp-page\" data-elementor-id=\"3158\" class=\"elementor elementor-3158\" data-elementor-post-type=\"page\">\n\t\t\t\t\t\t<section class=\"elementor-section elementor-top-section elementor-element elementor-element-a21b963 elementor-section-boxed elementor-section-height-default elementor-section-height-default\" data-id=\"a21b963\" data-element_type=\"section\">\n\t\t\t\t\t\t<div class=\"elementor-container elementor-column-gap-default\">\n\t\t\t\t\t<div class=\"elementor-column elementor-col-100 elementor-top-column elementor-element elementor-element-6b3fc6a\" data-id=\"6b3fc6a\" data-element_type=\"column\">\n\t\t\t<div class=\"elementor-widget-wrap elementor-element-populated\">\n\t\t\t\t\t\t<div class=\"elementor-element elementor-element-eb39724 elementor-widget elementor-widget-heading\" data-id=\"eb39724\" data-element_type=\"widget\" data-widget_type=\"heading.default\">\n\t\t\t\t<div class=\"elementor-widget-container\">\n\t\t\t<h1 class=\"elementor-heading-title elementor-size-default\">Les derni\u00e8res actualit\u00e9s...<\/h1>\t\t<\/div>\n\t\t\t\t<\/div>\n\t\t\t\t<div class=\"elementor-element elementor-element-f26270b elementor-widget elementor-widget-heading\" data-id=\"f26270b\" data-element_type=\"widget\" data-widget_type=\"heading.default\">\n\t\t\t\t<div class=\"elementor-widget-container\">\n\t\t\t<h3 class=\"elementor-heading-title elementor-size-default\">... du Hauts-de-France Brass Band<\/h3>\t\t<\/div>\n\t\t\t\t<\/div>\n\t\t\t\t<div class=\"elementor-element elementor-element-e932582 elementor-widget elementor-widget-shortcode\" data-id=\"e932582\" data-element_type=\"widget\" data-widget_type=\"shortcode.default\">\n\t\t\t\t<div class=\"elementor-widget-container\">\n\t\t\t\t\t<div class=\"elementor-shortcode\"><div class=\"display-posts-listing image-left\"><div class=\"listing-item\"><a class=\"image\" href=\"https:\/\/hautsdefrance-brassband.fr\/?p=19546\"><img decoding=\"async\" width=\"150\" height=\"150\" src=\"https:\/\/hautsdefrance-brassband.fr\/wp-content\/uploads\/2025\/12\/f6a2f850-6776-4cbd-a53b-d2b2b008195d-150x150.jpg\" class=\"attachment-thumbnail size-thumbnail wp-post-image\" alt=\"\" srcset=\"https:\/\/hautsdefrance-brassband.fr\/wp-content\/uploads\/2025\/12\/f6a2f850-6776-4cbd-a53b-d2b2b008195d-150x150.jpg 150w, https:\/\/hautsdefrance-brassband.fr\/wp-content\/uploads\/2025\/12\/f6a2f850-6776-4cbd-a53b-d2b2b008195d-300x300.jpg 300w, https:\/\/hautsdefrance-brassband.fr\/wp-content\/uploads\/2025\/12\/f6a2f850-6776-4cbd-a53b-d2b2b008195d-100x100.jpg 100w\" sizes=\"(max-width: 34.9rem) calc(100vw - 2rem), (max-width: 53rem) calc(8 * (100vw \/ 12)), (min-width: 53rem) calc(6 * (100vw \/ 12)), 100vw\" \/><\/a> <a class=\"title\" href=\"https:\/\/hautsdefrance-brassband.fr\/?p=19546\">Gabriel Pichard  2\u1d49 prix de la cat\u00e9gorie Junior du Concours de Jeunes Solistes du Hauts-de-France Brass<\/a> <span class=\"date\">(12\/26\/2025)<\/span> <span class=\"excerpt-dash\">-<\/span> <span class=\"excerpt\">F\u00e9licitations \u00e0 Gabriel Pichard ! Gabriel Pichard 2\u1d49 prix de la cat\u00e9gorie Junior du Concours de Jeunes Solistes du Hauts-de-France Brass, a aujourd\u2019hui b\u00e9n\u00e9fici\u00e9 d\u2019une masterclass offerte la HFBB, anim\u00e9e par David Maillot Membre de l\u2019Orchestre de la Garde R\u00e9publicaine\u2026 <a class=\"excerpt-more\" href=\"https:\/\/hautsdefrance-brassband.fr\/?p=19546\">Lire la suite<\/a><\/span><\/div><div class=\"listing-item\"><a class=\"image\" href=\"https:\/\/hautsdefrance-brassband.fr\/?p=19493\"><img decoding=\"async\" width=\"150\" height=\"150\" src=\"https:\/\/hautsdefrance-brassband.fr\/wp-content\/uploads\/2025\/12\/575557175_18097095985813217_8245773084665632842_n-150x150.jpg\" class=\"attachment-thumbnail size-thumbnail wp-post-image\" alt=\"\" srcset=\"https:\/\/hautsdefrance-brassband.fr\/wp-content\/uploads\/2025\/12\/575557175_18097095985813217_8245773084665632842_n-150x150.jpg 150w, https:\/\/hautsdefrance-brassband.fr\/wp-content\/uploads\/2025\/12\/575557175_18097095985813217_8245773084665632842_n-300x300.jpg 300w, https:\/\/hautsdefrance-brassband.fr\/wp-content\/uploads\/2025\/12\/575557175_18097095985813217_8245773084665632842_n-100x100.jpg 100w\" sizes=\"(max-width: 34.9rem) calc(100vw - 2rem), (max-width: 53rem) calc(8 * (100vw \/ 12)), (min-width: 53rem) calc(6 * (100vw \/ 12)), 100vw\" \/><\/a> <a class=\"title\" href=\"https:\/\/hautsdefrance-brassband.fr\/?p=19493\">Concours Jeunes Solistes 2025<\/a> <span class=\"date\">(12\/2\/2025)<\/span> <span class=\"excerpt-dash\">-<\/span> <span class=\"excerpt\">Le Concours jeunes solistes , c'est d\u00e9roul\u00e9 ce 8 novembre dernier. Un grand bravo aux 63 participants de notre 4e \u00e9dition du Concours de Jeunes Solistes, le niveau \u00e9tait exceptionnel ! F\u00e9licitations particuli\u00e8res \u00e0 nos laur\u00e9ats mentionn\u00e9s sur ces images\u2026 <a class=\"excerpt-more\" href=\"https:\/\/hautsdefrance-brassband.fr\/?p=19493\">Lire la suite<\/a><\/span><\/div><div class=\"listing-item\"><a class=\"image\" href=\"https:\/\/hautsdefrance-brassband.fr\/?p=18783\"><img decoding=\"async\" width=\"150\" height=\"150\" src=\"https:\/\/hautsdefrance-brassband.fr\/wp-content\/uploads\/2025\/05\/HFBB25-ownchoice2-150x150.jpg\" class=\"attachment-thumbnail size-thumbnail wp-post-image\" alt=\"\" srcset=\"https:\/\/hautsdefrance-brassband.fr\/wp-content\/uploads\/2025\/05\/HFBB25-ownchoice2-150x150.jpg 150w, https:\/\/hautsdefrance-brassband.fr\/wp-content\/uploads\/2025\/05\/HFBB25-ownchoice2-300x300.jpg 300w, https:\/\/hautsdefrance-brassband.fr\/wp-content\/uploads\/2025\/05\/HFBB25-ownchoice2-100x100.jpg 100w\" sizes=\"(max-width: 34.9rem) calc(100vw - 2rem), (max-width: 53rem) calc(8 * (100vw \/ 12)), (min-width: 53rem) calc(6 * (100vw \/ 12)), 100vw\" \/><\/a> <a class=\"title\" href=\"https:\/\/hautsdefrance-brassband.fr\/?p=18783\">EBBC 2025 : jour 2, le programme libre avec Ondes Martenot<\/a> <span class=\"date\">(5\/11\/2025)<\/span> <span class=\"excerpt-dash\">-<\/span> <span class=\"excerpt\">Commentaire live du championat d'europe de brass band sur la performance du hauts-de-France Brass Band (HFBB) sur leur programme libre du 10 mai 2025 \u00e0 Stavanger. <a class=\"excerpt-more\" href=\"https:\/\/hautsdefrance-brassband.fr\/?p=18783\">Lire la suite<\/a><\/span><\/div><\/div><\/div>\n\t\t\t\t<\/div>\n\t\t\t\t<\/div>\n\t\t\t\t<div class=\"elementor-element elementor-element-9177415 elementor-align-right elementor-widget elementor-widget-button\" data-id=\"9177415\" data-element_type=\"widget\" data-widget_type=\"button.default\">\n\t\t\t\t<div class=\"elementor-widget-container\">\n\t\t\t\t\t<div class=\"elementor-button-wrapper\">\n\t\t\t<a class=\"elementor-button elementor-button-link elementor-size-sm\" href=\"https:\/\/hautsdefrance-brassband.fr\/?cat=76\">\n\t\t\t\t\t\t<span class=\"elementor-button-content-wrapper\">\n\t\t\t\t\t\t\t\t\t<span class=\"elementor-button-text\">Voir toutes les actualit\u00e9s du HFBB<\/span>\n\t\t\t\t\t<\/span>\n\t\t\t\t\t<\/a>\n\t\t<\/div>\n\t\t\t\t<\/div>\n\t\t\t\t<\/div>\n\t\t\t\t<div class=\"elementor-element elementor-element-6fa8513 elementor-widget-divider--view-line elementor-widget elementor-widget-divider\" data-id=\"6fa8513\" data-element_type=\"widget\" data-widget_type=\"divider.default\">\n\t\t\t\t<div class=\"elementor-widget-container\">\n\t\t\t\t\t<div class=\"elementor-divider\">\n\t\t\t<span class=\"elementor-divider-separator\">\n\t\t\t\t\t\t<\/span>\n\t\t<\/div>\n\t\t\t\t<\/div>\n\t\t\t\t<\/div>\n\t\t\t\t<div class=\"elementor-element elementor-element-c867688 elementor-widget elementor-widget-heading\" data-id=\"c867688\" data-element_type=\"widget\" data-widget_type=\"heading.default\">\n\t\t\t\t<div class=\"elementor-widget-container\">\n\t\t\t<h3 class=\"elementor-heading-title elementor-size-default\">... de nos membres<\/h3>\t\t<\/div>\n\t\t\t\t<\/div>\n\t\t\t\t<div class=\"elementor-element elementor-element-3751785 elementor-widget elementor-widget-shortcode\" data-id=\"3751785\" data-element_type=\"widget\" data-widget_type=\"shortcode.default\">\n\t\t\t\t<div class=\"elementor-widget-container\">\n\t\t\t\t\t<div class=\"elementor-shortcode\"><div class=\"display-posts-listing image-left\"><div class=\"listing-item\"><a class=\"image\" href=\"https:\/\/hautsdefrance-brassband.fr\/?p=3292\"><img loading=\"lazy\" decoding=\"async\" width=\"150\" height=\"150\" src=\"https:\/\/hautsdefrance-brassband.fr\/wp-content\/uploads\/2019\/10\/B5E1537A-C326-43D8-B534-B8B8ADC7B553-150x150.jpeg\" class=\"attachment-thumbnail size-thumbnail wp-post-image\" alt=\"\" srcset=\"https:\/\/hautsdefrance-brassband.fr\/wp-content\/uploads\/2019\/10\/B5E1537A-C326-43D8-B534-B8B8ADC7B553-150x150.jpeg 150w, https:\/\/hautsdefrance-brassband.fr\/wp-content\/uploads\/2019\/10\/B5E1537A-C326-43D8-B534-B8B8ADC7B553-300x300.jpeg 300w, https:\/\/hautsdefrance-brassband.fr\/wp-content\/uploads\/2019\/10\/B5E1537A-C326-43D8-B534-B8B8ADC7B553-100x100.jpeg 100w\" sizes=\"(max-width: 34.9rem) calc(100vw - 2rem), (max-width: 53rem) calc(8 * (100vw \/ 12)), (min-width: 53rem) calc(6 * (100vw \/ 12)), 100vw\" \/><\/a> <a class=\"title\" href=\"https:\/\/hautsdefrance-brassband.fr\/?p=3292\">Mahler 7 : Lilian Meurin et l\u2019Orchestre National de Lille<\/a> <span class=\"date\">(10\/17\/2019)<\/span> <span class=\"excerpt-dash\">-<\/span> <span class=\"excerpt\">L\u2019Orchestre National de Lille (ONL) poursuit son int\u00e9grale des symphonies de Gustav Mahler en programmant, du 18 au 25 octobre 2019, sa 7\u00e8me symphonie. Les concerts ont lieu \u00e0 Lille le 18, \u00e0 la philharmonie de Paris le 19, \u00e0\u2026 <a class=\"excerpt-more\" href=\"https:\/\/hautsdefrance-brassband.fr\/?p=3292\">Lire la suite<\/a><\/span><\/div><div class=\"listing-item\"><a class=\"image\" href=\"https:\/\/hautsdefrance-brassband.fr\/?p=3074\"><img loading=\"lazy\" decoding=\"async\" width=\"150\" height=\"150\" src=\"https:\/\/hautsdefrance-brassband.fr\/wp-content\/uploads\/2019\/10\/062B905B-C809-418A-9068-2E6E65D16188-0-150x150.jpeg\" class=\"attachment-thumbnail size-thumbnail wp-post-image\" alt=\"\" srcset=\"https:\/\/hautsdefrance-brassband.fr\/wp-content\/uploads\/2019\/10\/062B905B-C809-418A-9068-2E6E65D16188-0-150x150.jpeg 150w, https:\/\/hautsdefrance-brassband.fr\/wp-content\/uploads\/2019\/10\/062B905B-C809-418A-9068-2E6E65D16188-0-300x300.jpeg 300w, https:\/\/hautsdefrance-brassband.fr\/wp-content\/uploads\/2019\/10\/062B905B-C809-418A-9068-2E6E65D16188-0-100x100.jpeg 100w\" sizes=\"(max-width: 34.9rem) calc(100vw - 2rem), (max-width: 53rem) calc(8 * (100vw \/ 12)), (min-width: 53rem) calc(6 * (100vw \/ 12)), 100vw\" \/><\/a> <a class=\"title\" href=\"https:\/\/hautsdefrance-brassband.fr\/?p=3074\">M\u00e9daille d\u2019or pour Lilian Meurin<\/a> <span class=\"date\">(9\/27\/2019)<\/span> <span class=\"excerpt-dash\">-<\/span> <span class=\"excerpt\">F\u00e9licitations \u00e0 Lilian Meurin, euphonium solo du Hauts-de-France Brass Band, qui a re\u00e7u une m\u00e9daille d'or au 3\u00e8me concours international de musique de Berlin. www.berlinercompetition.com <a class=\"excerpt-more\" href=\"https:\/\/hautsdefrance-brassband.fr\/?p=3074\">Lire la suite<\/a><\/span><\/div><div class=\"listing-item\"><a class=\"image\" href=\"https:\/\/hautsdefrance-brassband.fr\/?p=1868\"><img loading=\"lazy\" decoding=\"async\" width=\"150\" height=\"150\" src=\"https:\/\/hautsdefrance-brassband.fr\/wp-content\/uploads\/2019\/02\/SBB-e1549375328950-150x150.jpg\" class=\"attachment-thumbnail size-thumbnail wp-post-image\" alt=\"\" srcset=\"https:\/\/hautsdefrance-brassband.fr\/wp-content\/uploads\/2019\/02\/SBB-e1549375328950-150x150.jpg 150w, https:\/\/hautsdefrance-brassband.fr\/wp-content\/uploads\/2019\/02\/SBB-e1549375328950-300x300.jpg 300w, https:\/\/hautsdefrance-brassband.fr\/wp-content\/uploads\/2019\/02\/SBB-e1549375328950-100x100.jpg 100w\" sizes=\"(max-width: 34.9rem) calc(100vw - 2rem), (max-width: 53rem) calc(8 * (100vw \/ 12)), (min-width: 53rem) calc(6 * (100vw \/ 12)), 100vw\" \/><\/a> <a class=\"title\" href=\"https:\/\/hautsdefrance-brassband.fr\/?p=1868\">\u00ab\u00a0ALIVE\u00a0\u00bb le nouvel Opus de Sophie Binet-Budelot&#8230;<\/a> <span class=\"date\">(2\/5\/2019)<\/span> <span class=\"excerpt-dash\">-<\/span> <span class=\"excerpt\">Sophie Binet-Budelot, saxhorn alto solo du Hauts-de-France Brass Band va sortir tr\u00e8s prochainement son 2\u00e8me album \"ALIVE\". Dans cet Opus, Sophie pr\u00e9sente son instrument sous un autre angle. En effet, le saxhorn alto connu gr\u00e2ce au monde du Brass Band,\u2026 <a class=\"excerpt-more\" href=\"https:\/\/hautsdefrance-brassband.fr\/?p=1868\">Lire la suite<\/a><\/span><\/div><\/div><\/div>\n\t\t\t\t<\/div>\n\t\t\t\t<\/div>\n\t\t\t\t<div class=\"elementor-element elementor-element-2db1c35 elementor-align-right elementor-widget elementor-widget-button\" data-id=\"2db1c35\" data-element_type=\"widget\" data-widget_type=\"button.default\">\n\t\t\t\t<div class=\"elementor-widget-container\">\n\t\t\t\t\t<div class=\"elementor-button-wrapper\">\n\t\t\t<a class=\"elementor-button elementor-button-link elementor-size-sm\" href=\"https:\/\/hautsdefrance-brassband.fr\/?cat=82\">\n\t\t\t\t\t\t<span class=\"elementor-button-content-wrapper\">\n\t\t\t\t\t\t\t\t\t<span class=\"elementor-button-text\">Voir toutes les actualit\u00e9s des membres<\/span>\n\t\t\t\t\t<\/span>\n\t\t\t\t\t<\/a>\n\t\t<\/div>\n\t\t\t\t<\/div>\n\t\t\t\t<\/div>\n\t\t\t\t<div class=\"elementor-element elementor-element-55764de elementor-widget-divider--view-line elementor-widget elementor-widget-divider\" data-id=\"55764de\" data-element_type=\"widget\" data-widget_type=\"divider.default\">\n\t\t\t\t<div class=\"elementor-widget-container\">\n\t\t\t\t\t<div class=\"elementor-divider\">\n\t\t\t<span class=\"elementor-divider-separator\">\n\t\t\t\t\t\t<\/span>\n\t\t<\/div>\n\t\t\t\t<\/div>\n\t\t\t\t<\/div>\n\t\t\t\t<div class=\"elementor-element elementor-element-3e1b877 elementor-widget elementor-widget-heading\" data-id=\"3e1b877\" data-element_type=\"widget\" data-widget_type=\"heading.default\">\n\t\t\t\t<div class=\"elementor-widget-container\">\n\t\t\t<h3 class=\"elementor-heading-title elementor-size-default\">... diverses<\/h3>\t\t<\/div>\n\t\t\t\t<\/div>\n\t\t\t\t<div class=\"elementor-element elementor-element-a55b971 elementor-widget elementor-widget-shortcode\" data-id=\"a55b971\" data-element_type=\"widget\" data-widget_type=\"shortcode.default\">\n\t\t\t\t<div class=\"elementor-widget-container\">\n\t\t\t\t\t<div class=\"elementor-shortcode\"><div class=\"display-posts-listing image-left\"><div class=\"listing-item\"><a class=\"image\" href=\"https:\/\/hautsdefrance-brassband.fr\/?p=19546\"><img decoding=\"async\" width=\"150\" height=\"150\" src=\"https:\/\/hautsdefrance-brassband.fr\/wp-content\/uploads\/2025\/12\/f6a2f850-6776-4cbd-a53b-d2b2b008195d-150x150.jpg\" class=\"attachment-thumbnail size-thumbnail wp-post-image\" alt=\"\" srcset=\"https:\/\/hautsdefrance-brassband.fr\/wp-content\/uploads\/2025\/12\/f6a2f850-6776-4cbd-a53b-d2b2b008195d-150x150.jpg 150w, https:\/\/hautsdefrance-brassband.fr\/wp-content\/uploads\/2025\/12\/f6a2f850-6776-4cbd-a53b-d2b2b008195d-300x300.jpg 300w, https:\/\/hautsdefrance-brassband.fr\/wp-content\/uploads\/2025\/12\/f6a2f850-6776-4cbd-a53b-d2b2b008195d-100x100.jpg 100w\" sizes=\"(max-width: 34.9rem) calc(100vw - 2rem), (max-width: 53rem) calc(8 * (100vw \/ 12)), (min-width: 53rem) calc(6 * (100vw \/ 12)), 100vw\" \/><\/a> <a class=\"title\" href=\"https:\/\/hautsdefrance-brassband.fr\/?p=19546\">Gabriel Pichard  2\u1d49 prix de la cat\u00e9gorie Junior du Concours de Jeunes Solistes du Hauts-de-France Brass<\/a> <span class=\"date\">(12\/26\/2025)<\/span> <span class=\"excerpt-dash\">-<\/span> <span class=\"excerpt\">F\u00e9licitations \u00e0 Gabriel Pichard ! Gabriel Pichard 2\u1d49 prix de la cat\u00e9gorie Junior du Concours de Jeunes Solistes du Hauts-de-France Brass, a aujourd\u2019hui b\u00e9n\u00e9fici\u00e9 d\u2019une masterclass offerte la HFBB, anim\u00e9e par David Maillot Membre de l\u2019Orchestre de la Garde R\u00e9publicaine\u2026 <a class=\"excerpt-more\" href=\"https:\/\/hautsdefrance-brassband.fr\/?p=19546\">Lire la suite<\/a><\/span><\/div><div class=\"listing-item\"><a class=\"image\" href=\"https:\/\/hautsdefrance-brassband.fr\/?p=19493\"><img decoding=\"async\" width=\"150\" height=\"150\" src=\"https:\/\/hautsdefrance-brassband.fr\/wp-content\/uploads\/2025\/12\/575557175_18097095985813217_8245773084665632842_n-150x150.jpg\" class=\"attachment-thumbnail size-thumbnail wp-post-image\" alt=\"\" srcset=\"https:\/\/hautsdefrance-brassband.fr\/wp-content\/uploads\/2025\/12\/575557175_18097095985813217_8245773084665632842_n-150x150.jpg 150w, https:\/\/hautsdefrance-brassband.fr\/wp-content\/uploads\/2025\/12\/575557175_18097095985813217_8245773084665632842_n-300x300.jpg 300w, https:\/\/hautsdefrance-brassband.fr\/wp-content\/uploads\/2025\/12\/575557175_18097095985813217_8245773084665632842_n-100x100.jpg 100w\" sizes=\"(max-width: 34.9rem) calc(100vw - 2rem), (max-width: 53rem) calc(8 * (100vw \/ 12)), (min-width: 53rem) calc(6 * (100vw \/ 12)), 100vw\" \/><\/a> <a class=\"title\" href=\"https:\/\/hautsdefrance-brassband.fr\/?p=19493\">Concours Jeunes Solistes 2025<\/a> <span class=\"date\">(12\/2\/2025)<\/span> <span class=\"excerpt-dash\">-<\/span> <span class=\"excerpt\">Le Concours jeunes solistes , c'est d\u00e9roul\u00e9 ce 8 novembre dernier. Un grand bravo aux 63 participants de notre 4e \u00e9dition du Concours de Jeunes Solistes, le niveau \u00e9tait exceptionnel ! F\u00e9licitations particuli\u00e8res \u00e0 nos laur\u00e9ats mentionn\u00e9s sur ces images\u2026 <a class=\"excerpt-more\" href=\"https:\/\/hautsdefrance-brassband.fr\/?p=19493\">Lire la suite<\/a><\/span><\/div><div class=\"listing-item\"><a class=\"image\" href=\"https:\/\/hautsdefrance-brassband.fr\/?p=18783\"><img decoding=\"async\" width=\"150\" height=\"150\" src=\"https:\/\/hautsdefrance-brassband.fr\/wp-content\/uploads\/2025\/05\/HFBB25-ownchoice2-150x150.jpg\" class=\"attachment-thumbnail size-thumbnail wp-post-image\" alt=\"\" srcset=\"https:\/\/hautsdefrance-brassband.fr\/wp-content\/uploads\/2025\/05\/HFBB25-ownchoice2-150x150.jpg 150w, https:\/\/hautsdefrance-brassband.fr\/wp-content\/uploads\/2025\/05\/HFBB25-ownchoice2-300x300.jpg 300w, https:\/\/hautsdefrance-brassband.fr\/wp-content\/uploads\/2025\/05\/HFBB25-ownchoice2-100x100.jpg 100w\" sizes=\"(max-width: 34.9rem) calc(100vw - 2rem), (max-width: 53rem) calc(8 * (100vw \/ 12)), (min-width: 53rem) calc(6 * (100vw \/ 12)), 100vw\" \/><\/a> <a class=\"title\" href=\"https:\/\/hautsdefrance-brassband.fr\/?p=18783\">EBBC 2025 : jour 2, le programme libre avec Ondes Martenot<\/a> <span class=\"date\">(5\/11\/2025)<\/span> <span class=\"excerpt-dash\">-<\/span> <span class=\"excerpt\">Commentaire live du championat d'europe de brass band sur la performance du hauts-de-France Brass Band (HFBB) sur leur programme libre du 10 mai 2025 \u00e0 Stavanger. <a class=\"excerpt-more\" href=\"https:\/\/hautsdefrance-brassband.fr\/?p=18783\">Lire la suite<\/a><\/span><\/div><\/div><\/div>\n\t\t\t\t<\/div>\n\t\t\t\t<\/div>\n\t\t\t\t<div class=\"elementor-element elementor-element-6e6fe44 elementor-align-right elementor-widget elementor-widget-button\" data-id=\"6e6fe44\" data-element_type=\"widget\" data-widget_type=\"button.default\">\n\t\t\t\t<div class=\"elementor-widget-container\">\n\t\t\t\t\t<div class=\"elementor-button-wrapper\">\n\t\t\t<a class=\"elementor-button elementor-button-link elementor-size-sm\" href=\"https:\/\/hautsdefrance-brassband.fr\/?cat=1\">\n\t\t\t\t\t\t<span class=\"elementor-button-content-wrapper\">\n\t\t\t\t\t\t\t\t\t<span class=\"elementor-button-text\">Voir toutes les autres actualit\u00e9s<\/span>\n\t\t\t\t\t<\/span>\n\t\t\t\t\t<\/a>\n\t\t<\/div>\n\t\t\t\t<\/div>\n\t\t\t\t<\/div>\n\t\t\t\t\t<\/div>\n\t\t<\/div>\n\t\t\t\t\t<\/div>\n\t\t<\/section>\n\t\t\t\t<\/div>\n\t\t","protected":false},"excerpt":{"rendered":"<p>Les derni\u00e8res actualit\u00e9s&#8230; &#8230; du Hauts-de-France Brass Band Voir toutes les actualit\u00e9s du HFBB &#8230; de nos membres Voir toutes les actualit\u00e9s des membres &#8230; diverses Voir toutes les autres [&hellip;]<\/p>\n","protected":false},"author":52,"featured_media":0,"parent":1924,"menu_order":0,"comment_status":"closed","ping_status":"closed","template":"elementor_header_footer","meta":{"footnotes":""},"class_list":["post-3158","page","type-page","status-publish","hentry","entry"],"jetpack_sharing_enabled":true,"_links":{"self":[{"href":"https:\/\/hautsdefrance-brassband.fr\/index.php?rest_route=\/wp\/v2\/pages\/3158"}],"collection":[{"href":"https:\/\/hautsdefrance-brassband.fr\/index.php?rest_route=\/wp\/v2\/pages"}],"about":[{"href":"https:\/\/hautsdefrance-brassband.fr\/index.php?rest_route=\/wp\/v2\/types\/page"}],"author":[{"embeddable":true,"href":"https:\/\/hautsdefrance-brassband.fr\/index.php?rest_route=\/wp\/v2\/users\/52"}],"replies":[{"embeddable":true,"href":"https:\/\/hautsdefrance-brassband.fr\/index.php?rest_route=%2Fwp%2Fv2%2Fcomments&post=3158"}],"version-history":[{"count":2,"href":"https:\/\/hautsdefrance-brassband.fr\/index.php?rest_route=\/wp\/v2\/pages\/3158\/revisions"}],"predecessor-version":[{"id":3162,"href":"https:\/\/hautsdefrance-brassband.fr\/index.php?rest_route=\/wp\/v2\/pages\/3158\/revisions\/3162"}],"up":[{"embeddable":true,"href":"https:\/\/hautsdefrance-brassband.fr\/index.php?rest_route=\/wp\/v2\/pages\/1924"}],"wp:attachment":[{"href":"https:\/\/hautsdefrance-brassband.fr\/index.php?rest_route=%2Fwp%2Fv2%2Fmedia&parent=3158"}],"curies":[{"name":"wp","href":"https:\/\/api.w.org\/{rel}","templated":true}]}}